{"id":19,"date":"2014-12-01T12:45:47","date_gmt":"2014-12-01T12:45:47","guid":{"rendered":"https:\/\/black-eyes.ch\/?page_id=19"},"modified":"2015-04-20T10:40:06","modified_gmt":"2015-04-20T10:40:06","slug":"tortuga","status":"publish","type":"page","link":"https:\/\/black-eyes.ch\/en\/tortuga\/","title":{"rendered":"Tortuga"},"content":{"rendered":"<p>Diese Sportbrille wurde von Black Eyes entwickelt speziell f\u00fcr Surfer und Kitesurfer sowie andere Wassersportarten wie Wakeboarden, Wasserski, Jet ski usw. Diese Brille ist eine Neuheit auf dem Markt und bietet optimalen Schutz vor der Sonne. Aber nicht nur Schutz sondern auch eine gute und optimale Sicht bei jeder Sonneneinstrahlung und bei jedem Wetter. Dies war bei der Entwicklung dieser Brille von Priorit\u00e4t, deshalb gibt es diese Brille auch mit <a title=\"Gl\u00e4ser\" href=\"https:\/\/black-eyes.ch\/?page_id=21\">7 verschiedenen Brillengl\u00e4sern<\/a> ( rot, orange, gelb, gr\u00fcn, blau, violett und schwarz). Diese Brillenscheiben wurden speziell f\u00fcr diese Brille entwickelt, so dass sie den harten Bedingungen dieses Sports stand halten und optimalen Schutz garantieren, um auch den h\u00e4rtesten Aufprall zu \u00fcberstehen und blockt die gesamte UVA-, UVB- und UVC- Strahlung, die auf dem Wasser f\u00fcr ungesch\u00fctzte Augen besonders gef\u00e4hrlich ist. Die richtige Sicht bei Wassersportarten ist sehr wichtig wegen Gefahren oder Hindernisse. Die Gl\u00e4ser verst\u00e4rken Kontraste, Konturen werden deutlicher, Blendungen werden reduziert, und an dunklen Tagen oder Abends oder fr\u00fch morgens wirken die richtigen Gl\u00e4ser aufhellend. Ben\u00fctzen Sie das richtige Glas zu jedem Wetter und zu jeder Tageszeit um auch die wundersch\u00f6ne Landschaft und den Sport zu geniessen.<\/p>\n","protected":false},"excerpt":{"rendered":"<p>Diese Sportbrille wurde von Black Eyes entwickelt speziell f\u00fcr Surfer und Kitesurfer sowie andere Wassersportarten wie Wakeboarden, Wasserski, Jet ski usw. Diese Brille ist eine Neuheit auf dem Markt und bietet optimalen Schutz vor der Sonne. Aber nicht nur Schutz sondern auch eine gute und optimale Sicht bei jeder Sonneneinstrahlung und bei jedem Wetter. Dies [&hellip;]<\/p>\n","protected":false},"author":1,"featured_media":145,"parent":0,"menu_order":0,"comment_status":"open","ping_status":"open","template":"template-modular.php","meta":{"footnotes":""},"class_list":["post-19","page","type-page","status-publish","has-post-thumbnail","hentry"],"_links":{"self":[{"href":"https:\/\/black-eyes.ch\/en\/wp-json\/wp\/v2\/pages\/19","targetHints":{"allow":["GET"]}}],"collection":[{"href":"https:\/\/black-eyes.ch\/en\/wp-json\/wp\/v2\/pages"}],"about":[{"href":"https:\/\/black-eyes.ch\/en\/wp-json\/wp\/v2\/types\/page"}],"author":[{"embeddable":true,"href":"https:\/\/black-eyes.ch\/en\/wp-json\/wp\/v2\/users\/1"}],"replies":[{"embeddable":true,"href":"https:\/\/black-eyes.ch\/en\/wp-json\/wp\/v2\/comments?post=19"}],"version-history":[{"count":2,"href":"https:\/\/black-eyes.ch\/en\/wp-json\/wp\/v2\/pages\/19\/revisions"}],"predecessor-version":[{"id":37,"href":"https:\/\/black-eyes.ch\/en\/wp-json\/wp\/v2\/pages\/19\/revisions\/37"}],"wp:featuredmedia":[{"embeddable":true,"href":"https:\/\/black-eyes.ch\/en\/wp-json\/wp\/v2\/media\/145"}],"wp:attachment":[{"href":"https:\/\/black-eyes.ch\/en\/wp-json\/wp\/v2\/media?parent=19"}],"curies":[{"name":"wp","href":"https:\/\/api.w.org\/{rel}","templated":true}]}}