{"id":47,"date":"2014-12-01T12:56:37","date_gmt":"2014-12-01T12:56:37","guid":{"rendered":"https:\/\/black-eyes.ch\/?page_id=47"},"modified":"2016-12-06T11:54:35","modified_gmt":"2016-12-06T11:54:35","slug":"ueber-uns","status":"publish","type":"page","link":"https:\/\/black-eyes.ch\/en\/ueber-uns\/","title":{"rendered":"About"},"content":{"rendered":"<p>Inspiriert von passionierten Sportlern, bietet die Mode von Black Eyes Qualit\u00e4t und Style f\u00fcr Sport und Freizeit. Ob als ehrgeiziger Surfer, Boarder, Gelegenheitsskater, BMX Fahrer, Fitnesssportler oder f\u00fcr deinen Urlaub \u2013 \u00a0mit den Produkten von Black Eyes erwirbst du ein funktionelles Produkt, \u00a0das deinen individuellen Lifestyle unterstreicht. Black Eyes steht in erster Linie f\u00fcr Motivation und Ehrgeiz im Sport aber auch f\u00fcr Spass, Freiheit, Zeitlosigkeit und Komfort.<\/p>\n","protected":false},"excerpt":{"rendered":"<p>Inspiriert von passionierten Sportlern, bietet die Mode von Black Eyes Qualit\u00e4t und Style f\u00fcr Sport und Freizeit. Ob als ehrgeiziger Surfer, Boarder, Gelegenheitsskater, BMX Fahrer, Fitnesssportler oder f\u00fcr deinen Urlaub \u2013 \u00a0mit den Produkten von Black Eyes erwirbst du ein funktionelles Produkt, \u00a0das deinen individuellen Lifestyle unterstreicht. Black Eyes steht in erster Linie f\u00fcr Motivation [&hellip;]<\/p>\n","protected":false},"author":1,"featured_media":143,"parent":0,"menu_order":0,"comment_status":"open","ping_status":"open","template":"template-modular.php","meta":{"footnotes":""},"class_list":["post-47","page","type-page","status-publish","has-post-thumbnail","hentry"],"_links":{"self":[{"href":"https:\/\/black-eyes.ch\/en\/wp-json\/wp\/v2\/pages\/47","targetHints":{"allow":["GET"]}}],"collection":[{"href":"https:\/\/black-eyes.ch\/en\/wp-json\/wp\/v2\/pages"}],"about":[{"href":"https:\/\/black-eyes.ch\/en\/wp-json\/wp\/v2\/types\/page"}],"author":[{"embeddable":true,"href":"https:\/\/black-eyes.ch\/en\/wp-json\/wp\/v2\/users\/1"}],"replies":[{"embeddable":true,"href":"https:\/\/black-eyes.ch\/en\/wp-json\/wp\/v2\/comments?post=47"}],"version-history":[{"count":3,"href":"https:\/\/black-eyes.ch\/en\/wp-json\/wp\/v2\/pages\/47\/revisions"}],"predecessor-version":[{"id":696,"href":"https:\/\/black-eyes.ch\/en\/wp-json\/wp\/v2\/pages\/47\/revisions\/696"}],"wp:featuredmedia":[{"embeddable":true,"href":"https:\/\/black-eyes.ch\/en\/wp-json\/wp\/v2\/media\/143"}],"wp:attachment":[{"href":"https:\/\/black-eyes.ch\/en\/wp-json\/wp\/v2\/media?parent=47"}],"curies":[{"name":"wp","href":"https:\/\/api.w.org\/{rel}","templated":true}]}}