{"id":594,"date":"2015-01-21T09:53:23","date_gmt":"2015-01-21T09:53:23","guid":{"rendered":"https:\/\/black-eyes.ch\/?page_id=594"},"modified":"2015-03-23T10:53:22","modified_gmt":"2015-03-23T10:53:22","slug":"widerrufsrecht","status":"publish","type":"page","link":"https:\/\/black-eyes.ch\/en\/widerrufsrecht\/","title":{"rendered":"Right of revocation"},"content":{"rendered":"<h1>WIDERRUFSBELEHRUNG<\/h1>\n<h3>Widerrufsrecht<\/h3>\n<p>Sie haben das Recht, binnen f\u00fcnfzehn Tagen ohne Angabe von Gr\u00fcnden diesen Vertrag zu widerrufen. Die Widerrufsfrist betr\u00e4gt f\u00fcnfzehn Tage ab dem Tag, an dem Sie oder ein von Ihnen benannter Dritter, der nicht der Bef\u00f6rderer ist, die Waren in Besitz genommen haben bzw. hat. Um Ihr Widerrufsrecht auszu\u00fcben, m\u00fcssen Sie uns (Black Eyes &#8211; CoolStar AG, Sonnb\u00fcel 14, CH 6024 Hildisrieden Switzerland, <a href=\"mailto:info@black-eyes.ch\">info@black-eyes.ch<\/a>, <a href=\"tel:+41412303823\">+41 (0)41 230 38 23<\/a>, oder Black Eyes \u2013 CoolStar AG, Industriepark 239, DE 78244 Gottmadingen Germany, <a href=\"mailto:info@black-eyes.ch\">info@black-eyes.ch<\/a>, <a href=\"tel:+497731186905\">+49 (0)7731 186 905<\/a>) mittels einer eindeutigen Erkl\u00e4rung (z. B. ein mit der Post versandter Brief, Telefax oder E-Mail) \u00fcber Ihren Entschluss, diesen Vertrag zu widerrufen, informieren. Zur Wahrung der Widerrufsfrist reicht es aus, dass Sie die Mitteilung \u00fcber die Aus\u00fcbung des Widerrufsrechts vor Ablauf der Widerrufsfrist absenden.<\/p>\n<h3>Folgen des Widerrufs<\/h3>\n<p>Wenn Sie diesen Vertrag widerrufen, haben wir Ihnen alle Zahlungen, die wir von Ihnen erhalten haben, einschlie\u00dflich der Lieferkosten (mit Ausnahme der zus\u00e4tzlichen Kosten, die sich daraus ergeben, dass Sie eine andere Art der Lieferung als die von uns angebotene, g\u00fcnstigste Standardlieferung gew\u00e4hlt haben), unverz\u00fcglich und sp\u00e4testens binnen f\u00fcnfzehn Tagen ab dem Tag zur\u00fcckzuzahlen, an dem die Mitteilung \u00fcber Ihren Widerruf dieses Vertrags bei uns eingegangen ist. F\u00fcr diese R\u00fcckzahlung verwenden wir dasselbe Zahlungsmittel, das Sie bei der urspr\u00fcnglichen Transaktion eingesetzt haben, es sei denn, mit Ihnen wurde ausdr\u00fccklich etwas anderes vereinbart; in keinem Fall werden Ihnen wegen dieser R\u00fcckzahlung Entgelte berechnet. Wir k\u00f6nnen die R\u00fcckzahlung verweigern, bis wir die Waren wieder zur\u00fcckerhalten haben oder bis Sie den Nachweis erbracht haben, dass Sie die Waren zur\u00fcckgesandt haben, je nachdem, welches der fr\u00fchere Zeitpunkt ist. Sie haben die Waren unverz\u00fcglich und in jedem Fall sp\u00e4testens binnen f\u00fcnfzehn Tagen ab dem Tag, an dem Sie uns \u00fcber den Widerruf dieses Vertrags unterrichten, an uns (siehe unten) zur\u00fcckzusenden oder zu \u00fcbergeben. Die Frist ist gewahrt, wenn Sie die Waren vor Ablauf der Frist von f\u00fcnfzehn Tagen absenden. Sie tragen die unmittelbaren Kosten der R\u00fccksendung der Waren. Sie m\u00fcssen f\u00fcr einen etwaigen Wertverlust der Waren nur aufkommen, wenn dieser Wertverlust auf einen zur Pr\u00fcfung der Beschaffenheit, Eigenschaften und Funktionsweise der Waren nicht notwendigen Umgang mit Ihnen zur\u00fcckzuf\u00fchren ist. &#8211; Ende der Widerrufsbelehrung &#8211; ****************************************************************************************************************<\/p>\n<h3>Hinweis:<\/h3>\n<p>Die Ware sollte m\u00f6glichst in der Originalverpackung mit s\u00e4mtlichem Zubeh\u00f6r und Verpackungsbestandteilen zuru\u0308ckgeschickt werden. Bitte verwenden Sie ggf. eine schu\u0308tzende Umverpackung, falls die Originalverpackung nicht mehr zur Verfu\u0308gung steht, um einen ausreichenden Schutz vor etwaigen Transportsch\u00e4den zu gew\u00e4hrleisten. Besch\u00e4digungen und Verunreinigungen an der zuru\u0308ckzugebenden Sache sollten vermieden werden. Wir weisen darauf hin, dass das Widerrufsrecht und seine Folgen selbstverst\u00e4ndlich unabh\u00e4ngig von der Beachtung dieses Hinweises bestehen, er dient lediglich einer erleichterten Abwicklung der Retoure.<\/p>\n<h3>Widerrufsformular<\/h3>\n<p>Wenn Sie den Vertrag widerrufen wollen, dann f\u00fcllen Sie bitte dieses Formular aus und senden Sie es zur\u00fcck. An: Black Eyes CoolStar AG Sonnb\u00fcel 14 CH-6024 Hildisrieden Switzerland Fax: +41 (0) 41 240 38 54 E-Mail: <a href=\"mailto:info@black-eyes.ch\">info@black-eyes.ch<\/a> Black Eyes CoolStar AG Industriepark 239 78244 Gottmadingen Deutschland Fax: +49 (0) 7731 186 906 E-Mail: <a href=\"mailto:info@black-eyes.ch\">info@black-eyes.ch<\/a> Hiermit widerrufe(n) ich\/wir (*) den von mir\/uns (*) abgeschlossenen Vertrag \u00fcber den Kauf der folgenden Waren (*)\/die Erbringung der folgenden Dienstleistung (*) _______________________________________________________ _______________________________________________________ Bestellt am (*) ____________ \/ erhalten am (*) __________________ ________________________________________________________ Name des\/der Verbraucher(s) ________________________________________________________ Anschrift des\/der Verbraucher(s) ________________________________________________________ Unterschrift des\/der Verbraucher(s) (nur bei Mitteilung auf Papier) _________________________ Datum (*) Unzutreffendes streichen<\/p>\n","protected":false},"excerpt":{"rendered":"<p>WIDERRUFSBELEHRUNG Widerrufsrecht Sie haben das Recht, binnen f\u00fcnfzehn Tagen ohne Angabe von Gr\u00fcnden diesen Vertrag zu widerrufen. Die Widerrufsfrist betr\u00e4gt f\u00fcnfzehn Tage ab dem Tag, an dem Sie oder ein von Ihnen benannter Dritter, der nicht der Bef\u00f6rderer ist, die Waren in Besitz genommen haben bzw. hat. Um Ihr Widerrufsrecht auszu\u00fcben, m\u00fcssen Sie uns (Black [&hellip;]<\/p>\n","protected":false},"author":1,"featured_media":0,"parent":0,"menu_order":0,"comment_status":"closed","ping_status":"closed","template":"template-modular.php","meta":{"footnotes":""},"class_list":["post-594","page","type-page","status-publish","hentry"],"_links":{"self":[{"href":"https:\/\/black-eyes.ch\/en\/wp-json\/wp\/v2\/pages\/594","targetHints":{"allow":["GET"]}}],"collection":[{"href":"https:\/\/black-eyes.ch\/en\/wp-json\/wp\/v2\/pages"}],"about":[{"href":"https:\/\/black-eyes.ch\/en\/wp-json\/wp\/v2\/types\/page"}],"author":[{"embeddable":true,"href":"https:\/\/black-eyes.ch\/en\/wp-json\/wp\/v2\/users\/1"}],"replies":[{"embeddable":true,"href":"https:\/\/black-eyes.ch\/en\/wp-json\/wp\/v2\/comments?post=594"}],"version-history":[{"count":6,"href":"https:\/\/black-eyes.ch\/en\/wp-json\/wp\/v2\/pages\/594\/revisions"}],"predecessor-version":[{"id":704,"href":"https:\/\/black-eyes.ch\/en\/wp-json\/wp\/v2\/pages\/594\/revisions\/704"}],"wp:attachment":[{"href":"https:\/\/black-eyes.ch\/en\/wp-json\/wp\/v2\/media?parent=594"}],"curies":[{"name":"wp","href":"https:\/\/api.w.org\/{rel}","templated":true}]}}